{"id":2871,"date":"2023-03-14T15:43:43","date_gmt":"2023-03-14T15:43:43","guid":{"rendered":"http:\/\/wepersonal.it\/?page_id=2871"},"modified":"2025-07-22T14:18:43","modified_gmt":"2025-07-22T14:18:43","slug":"asd-villapizzone","status":"publish","type":"page","link":"https:\/\/wepersonal.it\/?page_id=2871","title":{"rendered":"MILANO"},"content":{"rendered":"<div id=\"fb-root\"><\/div>\n\n<p class=\"has-text-align-center has-black-color has-text-color has-medium-font-size\" style=\"font-style:normal;font-weight:400\"><strong>Centro Sportivo del Villapizzone in Via Perin del Vaga, 11. 20156 Milano (MI)<\/strong><\/p>\n\n\n\n<p><\/p>\n\n\n\n<p class=\"has-text-align-center has-black-color has-electric-grass-gradient-background has-text-color has-background\" style=\"font-style:normal;font-weight:400\"><a href=\"https:\/\/wepersonal.it\/?page_id=2393\"><strong>INDIVIDUAL GIOCATORI DI MOVIMENTO<\/strong><\/a><\/p>\n\n\n<div class=\"wp-block-image is-style-rounded\">\n<figure class=\"aligncenter size-large\"><img loading=\"lazy\" decoding=\"async\" width=\"1024\" height=\"913\" src=\"https:\/\/wepersonal.it\/wp-content\/uploads\/2025\/01\/Giocatori-di-Movimento-1024x913.jpg\" alt=\"\" class=\"wp-image-3556\" srcset=\"https:\/\/wepersonal.it\/wp-content\/uploads\/2025\/01\/Giocatori-di-Movimento-1024x913.jpg 1024w, https:\/\/wepersonal.it\/wp-content\/uploads\/2025\/01\/Giocatori-di-Movimento-300x268.jpg 300w, https:\/\/wepersonal.it\/wp-content\/uploads\/2025\/01\/Giocatori-di-Movimento-768x685.jpg 768w, https:\/\/wepersonal.it\/wp-content\/uploads\/2025\/01\/Giocatori-di-Movimento-600x535.jpg 600w, https:\/\/wepersonal.it\/wp-content\/uploads\/2025\/01\/Giocatori-di-Movimento.jpg 1080w\" sizes=\"auto, (max-width: 1024px) 100vw, 1024px\" \/><\/figure><\/div>\n\n\n<p class=\"has-text-align-center has-black-color has-electric-grass-gradient-background has-text-color has-background\" style=\"font-style:normal;font-weight:400\"><\/p>\n\n\n\n<div class=\"wp-block-group\"><div class=\"wp-block-group__inner-container is-layout-constrained wp-block-group-is-layout-constrained\">\n<div class=\"wp-block-group\"><div class=\"wp-block-group__inner-container is-layout-constrained wp-block-group-is-layout-constrained\">\n<p class=\"has-text-align-left has-text-color has-link-color wp-elements-5003d52c05077fe48b64b40e5922f855\" style=\"color:#080505\"><strong>WePersonal il brand che si occupa di formazione, perfezionamento tecnico &nbsp;e coordinativo- motorio di calciatori, calciatrici e portieri. \u201c<\/strong>Offriamo<strong> <\/strong>corsi di perfezionamento<strong> calcistico <\/strong>per migliorare le capacit\u00e0&nbsp; coordinativo motorie e di conseguenza le abilit\u00e0 tecniche di base fino al gesto tecnico fine\u201d. <br>Promuovere l\u2019importanza dei corsiche hanno come obiettivo correggere,&nbsp; perfezionare e migliorare il gesto tecnico, curando in particolare aspetti posturali e coordinativo motori, strumenti che interessano anche la sfera della personalit\u00e0. <br>Oggi \u00e8 fondamentale allenarsi con la giusta intensit\u00e0 e l\u2019apprendimento deve avvenire in&nbsp; un ambiente sano e stimolante che aiuti questo processo. <br>Per noi di <strong>WePersonal il giovane atleta \u00e8 al centro di tutto<\/strong>, perch\u00e9 prima di insegnare calcio dobbiamo creare empatia tra le persone, solo cos\u00ec possiamo pensare di trasmettere valori come la SERIETA\u2019, DISCIPLINA, LAVORO e UMILTA\u2019, &nbsp;formare il caratteria del giovane calciatore seppure in un contesto competitivo ma divertente. \u201d.<br>La proposta si struttura in pacchetti di lezioni in mini gruppi di soli 3 partecipanti<br><strong>Esercitazioni studiate<\/strong> e proposte su misura per ogni singolo atleta.<br><strong>Scuola di tecnica <\/strong>calcistica individuale. La gradualit\u00e0, la variet\u00e0, l\u2019adeguatezza delle esercitazioni-gioco producono miglioramenti che permetteranno di imparare divertendosi.<br><strong>Aiutare <\/strong>bambini e ragazzi nel perfezionamento delle proprie capacit\u00e0 sportive, infondendo una sufficiente autostima che ne migliora anche le prestazioni del singolo e di squadra in gara.<br>Scuola portieri<strong> <\/strong>per preparare i futuri <strong>numeri 1<\/strong> a un ruolo particolare e unico sia tecnicamente che psicologicamente<br>Lo staff di <strong>WePersonal<\/strong> supporta senza interferire con il lavoro svolto nel proprio club, semplicemente interviene correggendo in modo analitico ogni singolo calciatore.<br>La proposta prevede pacchetti di allenamenti in piccoli gruppi.<br><strong>Perfezionamento tecnico individuale<br>Scuola portieri<br>Istruttori qualificati con patentini Uefa<\/strong><\/p>\n<\/div><\/div>\n\n\n\n<p><\/p>\n<\/div><\/div>\n\n\n<div class=\"wp-block-image\">\n<figure class=\"aligncenter size-large is-resized\"><img loading=\"lazy\" decoding=\"async\" width=\"1024\" height=\"855\" src=\"https:\/\/wepersonal.it\/wp-content\/uploads\/2025\/01\/IMG_20240917_160043_939-1024x855.jpg\" alt=\"\" class=\"wp-image-3490\" style=\"width:462px;height:auto\" srcset=\"https:\/\/wepersonal.it\/wp-content\/uploads\/2025\/01\/IMG_20240917_160043_939-1024x855.jpg 1024w, https:\/\/wepersonal.it\/wp-content\/uploads\/2025\/01\/IMG_20240917_160043_939-300x251.jpg 300w, https:\/\/wepersonal.it\/wp-content\/uploads\/2025\/01\/IMG_20240917_160043_939-768x641.jpg 768w, https:\/\/wepersonal.it\/wp-content\/uploads\/2025\/01\/IMG_20240917_160043_939-600x501.jpg 600w, https:\/\/wepersonal.it\/wp-content\/uploads\/2025\/01\/IMG_20240917_160043_939.jpg 1080w\" sizes=\"auto, (max-width: 1024px) 100vw, 1024px\" \/><\/figure><\/div>\n\n\n<h5 class=\"wp-block-heading has-text-align-center has-very-dark-gray-color has-text-color has-link-color wp-elements-837b4f1d7d006394e1940ec4aa795f8b\"><br><strong>Per informazioni: <a href=\"mailto:info.wepersonal@gmail.com\">info.wepersonal@gmail.com<\/a>  &#8211; Cell. 351 838 6763<\/strong><\/h5>\n\n\n\n<p class=\"has-text-align-left\"><\/p>\n\n\n<style id=\"kb-google-maps_8660db-a0\">.kb-google-maps-container_8660db-a0{height:450px;}<\/style>\n<div class=\"kb-google-maps-container kb-google-maps-container_8660db-a0\" data-mapid=\"_8660db-a0\"><iframe width=\"100%\" height=\"100%\" style=\"border:0\" loading=\"lazy\" src=\"https:\/\/www.google.com\/maps\/embed\/v1\/place?key=AIzaSyBAM2o7PiQqwk15LC1XRH2e_KJ-jUa7KYk&amp;zoom=11&amp;maptype=roadmap&amp;q=Via%20Perin%20del%20Vaga%2C%2011%2C%2020156%20Milano\"><\/iframe><\/div>\n\n\n\n<div class=\"wp-block-group\"><div class=\"wp-block-group__inner-container is-layout-constrained wp-block-group-is-layout-constrained\"><\/div><\/div>\n","protected":false},"excerpt":{"rendered":"<p>Centro Sportivo del Villapizzone in Via Perin del Vaga, 11. 20156 Milano (MI) INDIVIDUAL GIOCATORI DI MOVIMENTO WePersonal il brand che si occupa di formazione, perfezionamento tecnico &nbsp;e coordinativo- motorio di calciatori, calciatrici e portieri. \u201cOffriamo corsi di perfezionamento calcistico per migliorare le capacit\u00e0&nbsp; coordinativo motorie e di conseguenza le abilit\u00e0 tecniche di base fino&#8230;<\/p>\n","protected":false},"author":1,"featured_media":0,"parent":0,"menu_order":0,"comment_status":"closed","ping_status":"closed","template":"","meta":{"footnotes":""},"class_list":["post-2871","page","type-page","status-publish","hentry"],"_links":{"self":[{"href":"https:\/\/wepersonal.it\/index.php?rest_route=\/wp\/v2\/pages\/2871","targetHints":{"allow":["GET"]}}],"collection":[{"href":"https:\/\/wepersonal.it\/index.php?rest_route=\/wp\/v2\/pages"}],"about":[{"href":"https:\/\/wepersonal.it\/index.php?rest_route=\/wp\/v2\/types\/page"}],"author":[{"embeddable":true,"href":"https:\/\/wepersonal.it\/index.php?rest_route=\/wp\/v2\/users\/1"}],"replies":[{"embeddable":true,"href":"https:\/\/wepersonal.it\/index.php?rest_route=%2Fwp%2Fv2%2Fcomments&post=2871"}],"version-history":[{"count":91,"href":"https:\/\/wepersonal.it\/index.php?rest_route=\/wp\/v2\/pages\/2871\/revisions"}],"predecessor-version":[{"id":3729,"href":"https:\/\/wepersonal.it\/index.php?rest_route=\/wp\/v2\/pages\/2871\/revisions\/3729"}],"wp:attachment":[{"href":"https:\/\/wepersonal.it\/index.php?rest_route=%2Fwp%2Fv2%2Fmedia&parent=2871"}],"curies":[{"name":"wp","href":"https:\/\/api.w.org\/{rel}","templated":true}]}}