{"id":2640,"date":"2022-12-09T16:20:28","date_gmt":"2022-12-09T16:20:28","guid":{"rendered":"http:\/\/wepersonal.it\/?page_id=2640"},"modified":"2025-12-31T11:15:37","modified_gmt":"2025-12-31T11:15:37","slug":"asd-cistellum","status":"publish","type":"page","link":"https:\/\/wepersonal.it\/?page_id=2640","title":{"rendered":"OGGIONA CON SANTO STEFANO (VA)"},"content":{"rendered":"<div id=\"fb-root\"><\/div>\n\n<p class=\"has-text-align-center has-black-color has-text-color has-medium-font-size\" style=\"font-style:normal;font-weight:400\">Football Seven in Via Bonacalza 156, Oggiona con Santo Stefano (VA)<\/p>\n\n\n\n<p class=\"has-text-align-center has-black-color has-pale-ocean-gradient-background has-text-color has-background\" style=\"font-style:normal;font-weight:400\"><a href=\"https:\/\/wepersonal.it\/?page_id=130\"><strong>SCUOLA PORTIERI<\/strong><\/a><\/p>\n\n\n<div class=\"wp-block-image\">\n<figure class=\"aligncenter size-large is-resized\"><img loading=\"lazy\" decoding=\"async\" width=\"1024\" height=\"1024\" src=\"https:\/\/wepersonal.it\/wp-content\/uploads\/2025\/01\/Scuola-Portieri-1-1024x1024.jpg\" alt=\"\" class=\"wp-image-3562\" style=\"width:430px;height:auto\" srcset=\"https:\/\/wepersonal.it\/wp-content\/uploads\/2025\/01\/Scuola-Portieri-1-1024x1024.jpg 1024w, https:\/\/wepersonal.it\/wp-content\/uploads\/2025\/01\/Scuola-Portieri-1-300x300.jpg 300w, https:\/\/wepersonal.it\/wp-content\/uploads\/2025\/01\/Scuola-Portieri-1-150x150.jpg 150w, https:\/\/wepersonal.it\/wp-content\/uploads\/2025\/01\/Scuola-Portieri-1-768x768.jpg 768w, https:\/\/wepersonal.it\/wp-content\/uploads\/2025\/01\/Scuola-Portieri-1-600x600.jpg 600w, https:\/\/wepersonal.it\/wp-content\/uploads\/2025\/01\/Scuola-Portieri-1-100x100.jpg 100w, https:\/\/wepersonal.it\/wp-content\/uploads\/2025\/01\/Scuola-Portieri-1.jpg 1080w\" sizes=\"auto, (max-width: 1024px) 100vw, 1024px\" \/><\/figure><\/div>\n\n\n<div class=\"wp-block-group\"><div class=\"wp-block-group__inner-container is-layout-constrained wp-block-group-is-layout-constrained\">\n<p class=\"has-text-align-left has-very-dark-gray-color has-text-color has-link-color wp-elements-ebc6dbe20039c6df759d8e2345ef042d\"><strong>WePersonal il brand che si occupa di formazione, \u00a0perfezionamento tecnico \u00a0e coordinativo- motorio di calciatori, calciatrici e portieri.<\/strong> <strong>\u201c<\/strong>Offriamo<strong> corsi di perfezionamento calcistico <\/strong>per migliorare le capacit\u00e0\u00a0 coordinativo motorie e di conseguenza le abilit\u00e0 tecniche di base fino al gesto tecnico fine\u201d. Promuovere l\u2019importanza dei corsiche hanno come obiettivo correggere,\u00a0 perfezionare e migliorare il gesto tecnico, curando in particolare aspetti posturali e coordinativo motori, strumenti che interessano anche la sfera della personalit\u00e0. Oggi \u00e8 fondamentale allenarsi con la giusta intensit\u00e0 e l&#8217;apprendimento deve avvenire in\u00a0 un ambiente sano e stimolante che aiuti questo processo. Per noi di <strong>WePersonal<\/strong> il <strong>giovane atleta \u00e8 al centro di tutto<\/strong>, perch\u00e9 prima di insegnare calcio dobbiamo creare empatia tra le persone, solo cos\u00ec possiamo pensare di trasmettere valori come la SERIETA\u2019, DISCIPLINA, LAVORO e UMILTA&#8217;, \u00a0formare il caratteria del giovane calciatore seppure in un contesto competitivo ma divertente. \u201d.<br>La proposta si struttura in pacchetti di lezioni in mini gruppi di soli 3 partecipanti<br><strong>Esercitazioni <\/strong>studiate e proposte su misura per ogni singolo atleta.<br><strong>Scuola di tecnica<\/strong> calcistica individuale. La gradualit\u00e0, la variet\u00e0, l&#8217;adeguatezza delle esercitazioni-gioco producono miglioramenti che permetteranno di imparare divertendosi.<br><strong>Aiutare<\/strong> bambini e ragazzi nel perfezionamento delle proprie capacit\u00e0 sportive, infondendo una sufficiente autostima che ne migliora anche le prestazioni del singolo e di squadra in gara.<br><strong>Scuola portieri <\/strong>per preparare i futuri <strong>numeri 1<\/strong> a un ruolo particolare e unico sia tecnicamente che psicologicamente<br>Lo staff di <strong>WePersonal<\/strong> supporta senza interferire con il lavoro svolto nel proprio club, semplicemente interviene correggendo in modo analitico ogni singolo calciatore.<br>La proposta prevede pacchetti di allenamenti in piccoli gruppi.<br><br><strong>Scuola portieri<\/strong> <strong>diretta da Mr Arturo Consonni<\/strong><br><strong>Istruttori qualificati con patentini Uefa<\/strong><\/p>\n<\/div><\/div>\n\n\n\n<iframe src=\"https:\/\/www.google.com\/maps\/embed?pb=!1m18!1m12!1m3!1d2788.563898955806!2d8.959691815563996!3d45.65957887910377!2m3!1f0!2f0!3f0!3m2!1i1024!2i768!4f13.1!3m3!1m2!1s0x47868e289a5ec235%3A0xee49543504d8e7ef!2sVia%20Giovanni%20XXIII%2C%2021040%20Cislago%20VA!5e0!3m2!1sit!2sit!4v1671556387396!5m2!1sit!2sit\" width=\"600\" height=\"450\" style=\"border:0;\" allowfullscreen=\"\" loading=\"lazy\" referrerpolicy=\"no-referrer-when-downgrade\"><\/iframe>\n\n\n\n<h4 class=\"wp-block-heading has-text-align-center has-very-dark-gray-color has-text-color has-link-color wp-elements-c036ce12bede1524d62ff5a6464243d9\"><br><strong>Per informazioni: <a href=\"mailto:info.wepersonal@gmail.com\">info.wepersonal@gmail.com<\/a>  &#8211; Cell. 351 838 6763<\/strong><\/h4>\n","protected":false},"excerpt":{"rendered":"<p>Football Seven in Via Bonacalza 156, Oggiona con Santo Stefano (VA) SCUOLA PORTIERI WePersonal il brand che si occupa di formazione, \u00a0perfezionamento tecnico \u00a0e coordinativo- motorio di calciatori, calciatrici e portieri. \u201cOffriamo corsi di perfezionamento calcistico per migliorare le capacit\u00e0\u00a0 coordinativo motorie e di conseguenza le abilit\u00e0 tecniche di base fino al gesto tecnico fine\u201d&#8230;.<\/p>\n","protected":false},"author":1,"featured_media":0,"parent":0,"menu_order":0,"comment_status":"closed","ping_status":"closed","template":"","meta":{"footnotes":""},"class_list":["post-2640","page","type-page","status-publish","hentry"],"_links":{"self":[{"href":"https:\/\/wepersonal.it\/index.php?rest_route=\/wp\/v2\/pages\/2640","targetHints":{"allow":["GET"]}}],"collection":[{"href":"https:\/\/wepersonal.it\/index.php?rest_route=\/wp\/v2\/pages"}],"about":[{"href":"https:\/\/wepersonal.it\/index.php?rest_route=\/wp\/v2\/types\/page"}],"author":[{"embeddable":true,"href":"https:\/\/wepersonal.it\/index.php?rest_route=\/wp\/v2\/users\/1"}],"replies":[{"embeddable":true,"href":"https:\/\/wepersonal.it\/index.php?rest_route=%2Fwp%2Fv2%2Fcomments&post=2640"}],"version-history":[{"count":47,"href":"https:\/\/wepersonal.it\/index.php?rest_route=\/wp\/v2\/pages\/2640\/revisions"}],"predecessor-version":[{"id":3748,"href":"https:\/\/wepersonal.it\/index.php?rest_route=\/wp\/v2\/pages\/2640\/revisions\/3748"}],"wp:attachment":[{"href":"https:\/\/wepersonal.it\/index.php?rest_route=%2Fwp%2Fv2%2Fmedia&parent=2640"}],"curies":[{"name":"wp","href":"https:\/\/api.w.org\/{rel}","templated":true}]}}