{"id":2393,"date":"2022-11-21T11:55:15","date_gmt":"2022-11-21T11:55:15","guid":{"rendered":"http:\/\/wepersonal.it\/?page_id=2393"},"modified":"2024-09-24T10:16:03","modified_gmt":"2024-09-24T10:16:03","slug":"giocatori-di-movimento","status":"publish","type":"page","link":"https:\/\/wepersonal.it\/?page_id=2393","title":{"rendered":"GIOCATORI DI MOVIMENTO"},"content":{"rendered":"<div id=\"fb-root\"><\/div>\n\n<div class=\"wp-block-cover is-light has-custom-content-position is-position-top-center\" style=\"min-height:100vh;aspect-ratio:unset;\"><span aria-hidden=\"true\" class=\"wp-block-cover__background has-background-dim-0 has-background-dim\"><\/span><div class=\"wp-block-cover__inner-container is-layout-flow wp-block-cover-is-layout-flow\">\n<div class=\"wp-block-group\"><div class=\"wp-block-group__inner-container is-layout-constrained wp-block-group-is-layout-constrained\">\n<div class=\"wp-block-group\"><div class=\"wp-block-group__inner-container is-layout-constrained wp-block-group-is-layout-constrained\">\n<p class=\"has-text-align-left has-black-color has-white-background-color has-text-color has-background has-medium-font-size\" style=\"font-style:normal;font-weight:300\">La nostra proposta riguarda esercitazioni analitiche integrate, studiate e proposte su misura per ogni singolo atleta o per piccoli gruppi omogenei per et\u00e0. La gradualit\u00e0, la variet\u00e0, l\u2019adeguatezza delle esercitazioni-gioco, producono miglioramenti che permetteranno di imparare divertendosi. Guidiamo i bambini e ragazzi nel perfezionamento delle proprie capacit\u00e0 sportive, infondendo una sufficiente autostima che ne migliora anche le prestazioni del singolo e di conseguenza la performance di squadra. Durante la stagione \u00e8 prevista una competizione tra gli atleti affiliati di tutte le sedi i quali potranno gareggiare, mettersi alla prova e valutare i miglioramenti appresi durante la formazione.<\/p>\n<\/div><\/div>\n\n\n<div class=\"wp-block-image\">\n<figure class=\"aligncenter size-medium\"><img loading=\"lazy\" decoding=\"async\" width=\"300\" height=\"300\" src=\"https:\/\/wepersonal.it\/wp-content\/uploads\/2022\/08\/PACCHETTO-MOVIMENTO-1-300x300.jpg\" alt=\"\" class=\"wp-image-127\" srcset=\"https:\/\/wepersonal.it\/wp-content\/uploads\/2022\/08\/PACCHETTO-MOVIMENTO-1-300x300.jpg 300w, https:\/\/wepersonal.it\/wp-content\/uploads\/2022\/08\/PACCHETTO-MOVIMENTO-1-100x100.jpg 100w, https:\/\/wepersonal.it\/wp-content\/uploads\/2022\/08\/PACCHETTO-MOVIMENTO-1-600x600.jpg 600w, https:\/\/wepersonal.it\/wp-content\/uploads\/2022\/08\/PACCHETTO-MOVIMENTO-1-1024x1024.jpg 1024w, https:\/\/wepersonal.it\/wp-content\/uploads\/2022\/08\/PACCHETTO-MOVIMENTO-1-150x150.jpg 150w, https:\/\/wepersonal.it\/wp-content\/uploads\/2022\/08\/PACCHETTO-MOVIMENTO-1-768x768.jpg 768w, https:\/\/wepersonal.it\/wp-content\/uploads\/2022\/08\/PACCHETTO-MOVIMENTO-1.jpg 1182w\" sizes=\"auto, (max-width: 300px) 100vw, 300px\" \/><\/figure><\/div>\n\n\n<p class=\"has-text-align-center has-black-color has-white-background-color has-text-color has-background has-medium-font-size\" style=\"font-style:normal;font-weight:400\"><strong>I CORSI SI TENGONO IL SABATO MATTINA NELLA FASCIA ORARIA 09.00 &#8211; 12.00<\/strong><\/p>\n<\/div><\/div>\n\n\n\n<p class=\"has-text-align-center has-black-color has-electric-grass-gradient-background has-text-color has-background has-medium-font-size\" style=\"font-style:normal;font-weight:400\"><\/p>\n\n\n\n<p class=\"has-text-align-center has-black-color has-very-light-gray-to-cyan-bluish-gray-gradient-background has-text-color has-background has-medium-font-size\" style=\"font-style:normal;font-weight:400\"><\/p>\n\n\n\n<ul class=\"wp-block-list\">\n<li><strong>Perfezionamento tecnico <\/strong><\/li>\n\n\n\n<li><strong>Istruttori qualificati con Licenza Uefa<\/strong> <strong>&#8211; ASI<\/strong><\/li>\n<\/ul>\n\n\n\n<p class=\"has-text-align-left has-black-color has-text-color has-medium-font-size\" style=\"font-style:normal;font-weight:400\">Le ore di allenamento sono fruibili nell&#8217;arco della stagione sportiva. Le assenze giustificate possono essere recuperate.<\/p>\n\n\n\n<p class=\"has-text-align-left has-black-color has-text-color has-medium-font-size\" style=\"font-style:normal;font-weight:400\">Ciascun iscritto ai nostri corsi viene tesserato ASI (www.asinazionale.it) Questa tessera annuale prevede una copertura assicurativa prestabilita dall&#8217;ente di promozione sportiva. <\/p>\n\n\n\n<p class=\"has-text-align-center\"><strong>CONTATTACI SENZA IMPEGNO PER CONOSCERE I COSTI DEI NOSTRI PACCHETTI!<\/strong><\/p>\n<\/div><\/div>\n\n\n\n<p class=\"has-text-align-center\"><strong>Vuoi iscriverti? PER IL PAGAMENTO EFFETTUA IL BONIFICO A WEPERSONAL ASD IBAN IT57X0623001746000030682582 CAUSALE ISCRIZIONE CORSO, INDICANDO LA SEDE E NOME ATLETA<\/strong><\/p>\n","protected":false},"excerpt":{"rendered":"<p>Vuoi iscriverti? PER IL PAGAMENTO EFFETTUA IL BONIFICO A WEPERSONAL ASD IBAN IT57X0623001746000030682582 CAUSALE ISCRIZIONE CORSO, INDICANDO LA SEDE E NOME ATLETA<\/p>\n","protected":false},"author":1,"featured_media":0,"parent":0,"menu_order":0,"comment_status":"closed","ping_status":"closed","template":"","meta":{"footnotes":""},"class_list":["post-2393","page","type-page","status-publish","hentry"],"_links":{"self":[{"href":"https:\/\/wepersonal.it\/index.php?rest_route=\/wp\/v2\/pages\/2393","targetHints":{"allow":["GET"]}}],"collection":[{"href":"https:\/\/wepersonal.it\/index.php?rest_route=\/wp\/v2\/pages"}],"about":[{"href":"https:\/\/wepersonal.it\/index.php?rest_route=\/wp\/v2\/types\/page"}],"author":[{"embeddable":true,"href":"https:\/\/wepersonal.it\/index.php?rest_route=\/wp\/v2\/users\/1"}],"replies":[{"embeddable":true,"href":"https:\/\/wepersonal.it\/index.php?rest_route=%2Fwp%2Fv2%2Fcomments&post=2393"}],"version-history":[{"count":59,"href":"https:\/\/wepersonal.it\/index.php?rest_route=\/wp\/v2\/pages\/2393\/revisions"}],"predecessor-version":[{"id":3360,"href":"https:\/\/wepersonal.it\/index.php?rest_route=\/wp\/v2\/pages\/2393\/revisions\/3360"}],"wp:attachment":[{"href":"https:\/\/wepersonal.it\/index.php?rest_route=%2Fwp%2Fv2%2Fmedia&parent=2393"}],"curies":[{"name":"wp","href":"https:\/\/api.w.org\/{rel}","templated":true}]}}