{"id":157,"date":"2022-08-04T14:23:53","date_gmt":"2022-08-04T14:23:53","guid":{"rendered":"http:\/\/wepersonal.it\/?page_id=157"},"modified":"2025-12-31T11:32:52","modified_gmt":"2025-12-31T11:32:52","slug":"chi-siamo-3","status":"publish","type":"page","link":"https:\/\/wepersonal.it\/?page_id=157","title":{"rendered":"CHI SIAMO"},"content":{"rendered":"<div id=\"fb-root\"><\/div>\n\n<div class=\"wp-block-group\"><div class=\"wp-block-group__inner-container is-layout-constrained wp-block-group-is-layout-constrained\">\n<div class=\"wp-block-group\"><div class=\"wp-block-group__inner-container is-layout-constrained wp-block-group-is-layout-constrained\">\n<div class=\"wp-block-group has-white-background-color has-background\"><div class=\"wp-block-group__inner-container is-layout-constrained wp-block-group-is-layout-constrained\">\n<p class=\"has-text-align-left has-black-color has-white-background-color has-text-color has-background has-medium-font-size\" style=\"font-style:normal;font-weight:400\">Asd Wepersonal favorisce<strong>\u00a0la pratica sportiva<\/strong>\u00a0come elemento\u00a0\u00a0<strong>fondamentale<\/strong>\u00a0nel processo di\u00a0<strong>crescita<\/strong>\u00a0\u00a0dei pi\u00f9 giovani, come strumento di\u00a0<strong>integrazione sociale e culturale<\/strong>, come occasione di trasmissione di\u00a0\u00a0<strong>valori<\/strong>\u00a0alla base del vivere comune grazie alla collaborazione di allenatori\/volontari preparati e responsabili.<\/p>\n\n\n\n<p class=\"has-text-align-left has-black-color has-white-background-color has-text-color has-background has-medium-font-size\" style=\"font-style:normal;font-weight:400\">Operiamo nella formazione nel mondo del calcio. Offriamo corsi di allenamento orientati alla didattica e al perfezionamento calcistico per giovani calciatori e calciatrici, per migliorare le capacit\u00e0 coordinativo motorie e di conseguenza le abilit\u00e0 di base fino al gesto tecnico fine. Oggi \u00e8 fondamentale allenarsi con la giusta intensit\u00e0 e l&#8217;apprendimento deve avvenire attraverso l&#8217;esperienza e l&#8217;errore in ambiente sano e stimolante.<\/p>\n\n\n\n<p class=\"has-text-align-left has-black-color has-white-background-color has-text-color has-background has-medium-font-size\" style=\"font-style:normal;font-weight:400\">Per noi il giovane atleta \u00e8 al centro di tutto, perch\u00e9 prima di insegnare calcio dobbiamo creare empatia tra le persone, solo cos\u00ec possiamo pensare di trasmettere valori come la SERIETA\u2019, DISCIPLINA, LAVORO E UMILTA&#8217; e formare caratterialmente il giovane calciatore, seppure in un contesto competitivo e divertente. <br>Esercitazioni e didattica sono su misura per ogni singolo atleta. La gradualit\u00e0, la variet\u00e0, l\u2019adeguatezza delle esercitazioni-gioco, producono miglioramenti che permettono di imparare divertendosi.<\/p>\n<\/div><\/div>\n\n\n\n<p class=\"has-black-color has-white-background-color has-text-color has-background has-medium-font-size\" style=\"font-style:normal;font-weight:400\">Vogliamo aiutare bambini e ragazzi nel perfezionamento delle proprie capacit\u00e0 sportive, infondendo una sufficiente autostima che ne migliora anche le prestazioni del singolo e di squadra.<\/p>\n<\/div><\/div>\n<\/div><\/div>\n\n\n\n<div class=\"wp-block-group\"><div class=\"wp-block-group__inner-container is-layout-constrained wp-block-group-is-layout-constrained\">\n<div class=\"wp-block-group\"><div class=\"wp-block-group__inner-container is-layout-constrained wp-block-group-is-layout-constrained\">\n<p class=\"has-black-color has-white-background-color has-text-color has-background has-medium-font-size\" style=\"font-style:normal;font-weight:400\">Abbiamo anche una formazione specifica per portieri per preparare i futuri numeri uno a un ruolo particolare e unico, sia tecnicamente che mentalmente. <\/p>\n<\/div><\/div>\n\n\n\n<h3 class=\"wp-block-heading alignwide has-text-align-center ext-mt-0 has-ext-large-font-size\" id=\"make-it-stand-out\"><\/h3>\n<\/div><\/div>\n","protected":false},"excerpt":{"rendered":"<p>Asd Wepersonal favorisce\u00a0la pratica sportiva\u00a0come elemento\u00a0\u00a0fondamentale\u00a0nel processo di\u00a0crescita\u00a0\u00a0dei pi\u00f9 giovani, come strumento di\u00a0integrazione sociale e culturale, come occasione di trasmissione di\u00a0\u00a0valori\u00a0alla base del vivere comune grazie alla collaborazione di allenatori\/volontari preparati e responsabili. Operiamo nella formazione nel mondo del calcio. Offriamo corsi di allenamento orientati alla didattica e al perfezionamento calcistico per giovani calciatori e&#8230;<\/p>\n","protected":false},"author":1,"featured_media":0,"parent":2341,"menu_order":0,"comment_status":"closed","ping_status":"closed","template":"","meta":{"footnotes":""},"class_list":["post-157","page","type-page","status-publish","hentry"],"_links":{"self":[{"href":"https:\/\/wepersonal.it\/index.php?rest_route=\/wp\/v2\/pages\/157","targetHints":{"allow":["GET"]}}],"collection":[{"href":"https:\/\/wepersonal.it\/index.php?rest_route=\/wp\/v2\/pages"}],"about":[{"href":"https:\/\/wepersonal.it\/index.php?rest_route=\/wp\/v2\/types\/page"}],"author":[{"embeddable":true,"href":"https:\/\/wepersonal.it\/index.php?rest_route=\/wp\/v2\/users\/1"}],"replies":[{"embeddable":true,"href":"https:\/\/wepersonal.it\/index.php?rest_route=%2Fwp%2Fv2%2Fcomments&post=157"}],"version-history":[{"count":97,"href":"https:\/\/wepersonal.it\/index.php?rest_route=\/wp\/v2\/pages\/157\/revisions"}],"predecessor-version":[{"id":3754,"href":"https:\/\/wepersonal.it\/index.php?rest_route=\/wp\/v2\/pages\/157\/revisions\/3754"}],"up":[{"embeddable":true,"href":"https:\/\/wepersonal.it\/index.php?rest_route=\/wp\/v2\/pages\/2341"}],"wp:attachment":[{"href":"https:\/\/wepersonal.it\/index.php?rest_route=%2Fwp%2Fv2%2Fmedia&parent=157"}],"curies":[{"name":"wp","href":"https:\/\/api.w.org\/{rel}","templated":true}]}}